{"id":156,"date":"2022-05-18T12:20:02","date_gmt":"2022-05-18T10:20:02","guid":{"rendered":"https:\/\/www.accueiletsecurite-msa.fr\/coursesgalop\/?page_id=156"},"modified":"2022-09-29T22:11:34","modified_gmt":"2022-09-29T20:11:34","slug":"nos-ressources","status":"publish","type":"page","link":"https:\/\/www.accueiletsecurite-msa.fr\/coursesgalop\/nos-ressources\/","title":{"rendered":"Nos ressources"},"content":{"rendered":"\t\t<div data-elementor-type=\"wp-page\" data-elementor-id=\"156\" class=\"elementor elementor-156\">\n\t\t\t\t\t\t<section class=\"elementor-section elementor-top-section elementor-element elementor-element-628d0d44 elementor-section-boxed elementor-section-height-default elementor-section-height-default\" data-id=\"628d0d44\" data-element_type=\"section\" data-e-type=\"section\" data-settings=\"{&quot;background_background&quot;:&quot;classic&quot;}\">\n\t\t\t\t\t\t\t<div class=\"elementor-background-overlay\"><\/div>\n\t\t\t\t\t\t\t<div class=\"elementor-container elementor-column-gap-default\">\n\t\t\t\t\t<div class=\"elementor-column elementor-col-100 elementor-top-column elementor-element elementor-element-50d25ec\" data-id=\"50d25ec\" data-element_type=\"column\" data-e-type=\"column\">\n\t\t\t<div class=\"elementor-widget-wrap elementor-element-populated\">\n\t\t\t\t\t\t<div class=\"elementor-element elementor-element-68771a2 elementor-widget elementor-widget-heading\" data-id=\"68771a2\" data-element_type=\"widget\" data-e-type=\"widget\" data-widget_type=\"heading.default\">\n\t\t\t\t<div class=\"elementor-widget-container\">\n\t\t\t\t\t<h2 class=\"elementor-heading-title elementor-size-default\"><b>NOS RESSOURCES<\/b><\/h2>\t\t\t\t<\/div>\n\t\t\t\t<\/div>\n\t\t\t\t\t<\/div>\n\t\t<\/div>\n\t\t\t\t\t<\/div>\n\t\t<\/section>\n\t\t\t\t<section class=\"elementor-section elementor-top-section elementor-element elementor-element-5b197718 elementor-section-boxed elementor-section-height-default elementor-section-height-default\" data-id=\"5b197718\" data-element_type=\"section\" data-e-type=\"section\">\n\t\t\t\t\t\t<div class=\"elementor-container elementor-column-gap-default\">\n\t\t\t\t\t<div class=\"elementor-column elementor-col-100 elementor-top-column elementor-element elementor-element-208cb0b5\" data-id=\"208cb0b5\" data-element_type=\"column\" data-e-type=\"column\">\n\t\t\t<div class=\"elementor-widget-wrap elementor-element-populated\">\n\t\t\t\t\t\t<section class=\"elementor-section elementor-inner-section elementor-element elementor-element-2b20981f elementor-section-full_width elementor-section-height-default elementor-section-height-default\" data-id=\"2b20981f\" data-element_type=\"section\" data-e-type=\"section\">\n\t\t\t\t\t\t<div class=\"elementor-container elementor-column-gap-no\">\n\t\t\t\t\t<div class=\"elementor-column elementor-col-50 elementor-inner-column elementor-element elementor-element-3a3bf3b8\" data-id=\"3a3bf3b8\" data-element_type=\"column\" data-e-type=\"column\" data-settings=\"{&quot;background_background&quot;:&quot;classic&quot;}\">\n\t\t\t<div class=\"elementor-widget-wrap elementor-element-populated\">\n\t\t\t\t\t\t<div class=\"elementor-element elementor-element-da8662a elementor-widget elementor-widget-heading\" data-id=\"da8662a\" data-element_type=\"widget\" data-e-type=\"widget\" data-widget_type=\"heading.default\">\n\t\t\t\t<div class=\"elementor-widget-container\">\n\t\t\t\t\t<h2 class=\"elementor-heading-title elementor-size-large\">Pr\u00e9vention des  Troubles musculo-squelettiques (TMS)<\/h2>\t\t\t\t<\/div>\n\t\t\t\t<\/div>\n\t\t\t\t<div class=\"elementor-element elementor-element-9260f8a elementor-widget elementor-widget-shortcode\" data-id=\"9260f8a\" data-element_type=\"widget\" data-e-type=\"widget\" data-widget_type=\"shortcode.default\">\n\t\t\t\t<div class=\"elementor-widget-container\">\n\t\t\t\t\t\t\t<div class=\"elementor-shortcode\"><ul class=\"dlm-downloads\"><li><a class=\"download-link\" title=\"\u00catre en s\u00e9curit\u00e9 autour d\u2019un cheval lors des soins\" href=\"https:\/\/www.accueiletsecurite-msa.fr\/coursesgalop\/telechargement\/742\/?tmstv=1777501858\" rel=\"nofollow\" target=\"_blank\">\n\t\u00catre en s\u00e9curit\u00e9 autour d\u2019un cheval lors des soins<\/a><\/li><li><a class=\"download-link\" title=\"Approcher et mettre un licol\" href=\"https:\/\/www.accueiletsecurite-msa.fr\/coursesgalop\/telechargement\/739\/?tmstv=1777501858\" rel=\"nofollow\" target=\"_blank\">\n\tApprocher et mettre un licol<\/a><\/li><li><a class=\"download-link\" title=\"L'application Mouv's Agri\" href=\"https:\/\/www.accueiletsecurite-msa.fr\/coursesgalop\/telechargement\/582\/?tmstv=1777501858\" rel=\"nofollow\" target=\"_blank\">\n\tL'application Mouv's Agri<\/a><\/li><li><a class=\"download-link\" title=\"S'\u00e9chauffer avant de monter \u00e0 cheval\" href=\"https:\/\/www.accueiletsecurite-msa.fr\/coursesgalop\/telechargement\/579\/?tmstv=1777501858\" rel=\"nofollow\" target=\"_blank\">\n\tS'\u00e9chauffer avant de monter \u00e0 cheval<\/a><\/li><li><a class=\"download-link\" title=\"S'\u00e9chauffer \u00e0 cheval\" href=\"https:\/\/www.accueiletsecurite-msa.fr\/coursesgalop\/telechargement\/575\/?tmstv=1777501858\" rel=\"nofollow\" target=\"_blank\">\n\tS'\u00e9chauffer \u00e0 cheval<\/a><\/li><li><a class=\"download-link\" title=\"R\u00e9cup\u00e9rer et s'\u00e9tirer\" href=\"https:\/\/www.accueiletsecurite-msa.fr\/coursesgalop\/telechargement\/573\/?tmstv=1777501858\" rel=\"nofollow\" target=\"_blank\">\n\tR\u00e9cup\u00e9rer et s'\u00e9tirer<\/a><\/li><li><a class=\"download-link\" title=\"D\u00e9velopper ses capacit\u00e9s\" href=\"https:\/\/www.accueiletsecurite-msa.fr\/coursesgalop\/telechargement\/564\/?tmstv=1777501858\" rel=\"nofollow\" target=\"_blank\">\n\tD\u00e9velopper ses capacit\u00e9s<\/a><\/li><li><a class=\"download-link\" title=\"M\u00e9tiers du cheval : Associer travail, sant\u00e9 et performance\" href=\"https:\/\/www.accueiletsecurite-msa.fr\/coursesgalop\/telechargement\/347\/?tmstv=1777501858\" rel=\"nofollow\" target=\"_blank\">\n\tM\u00e9tiers du cheval : Associer travail, sant\u00e9 et performance<\/a><\/li><li><a class=\"download-link\" title=\"Profiter de son activit\u00e9 pour s'\u00e9chauffer physiquement et mentalement\" href=\"https:\/\/www.accueiletsecurite-msa.fr\/coursesgalop\/telechargement\/346\/?tmstv=1777501858\" rel=\"nofollow\" target=\"_blank\">\n\tProfiter de son activit\u00e9 pour s'\u00e9chauffer physiquement et mentalement<\/a><\/li><\/ul>\n\t\t\t\t<\/div>\n\t\t\t\t\t\t<\/div>\n\t\t\t\t<\/div>\n\t\t\t\t<div class=\"elementor-element elementor-element-5e8bac0 elementor-widget elementor-widget-heading\" data-id=\"5e8bac0\" data-element_type=\"widget\" data-e-type=\"widget\" data-widget_type=\"heading.default\">\n\t\t\t\t<div class=\"elementor-widget-container\">\n\t\t\t\t\t<h2 class=\"elementor-heading-title elementor-size-large\">\u00c9valuation des risques<\/h2>\t\t\t\t<\/div>\n\t\t\t\t<\/div>\n\t\t\t\t<div class=\"elementor-element elementor-element-9105861 elementor-widget elementor-widget-shortcode\" data-id=\"9105861\" data-element_type=\"widget\" data-e-type=\"widget\" data-widget_type=\"shortcode.default\">\n\t\t\t\t<div class=\"elementor-widget-container\">\n\t\t\t\t\t\t\t<div class=\"elementor-shortcode\"><ul class=\"dlm-downloads\"><li><a class=\"download-link\" title=\"Guide fili\u00e8re \u00e9quine\" href=\"https:\/\/www.accueiletsecurite-msa.fr\/coursesgalop\/telechargement\/435\/?tmstv=1777501858\" rel=\"nofollow\" target=\"_blank\">\n\tGuide fili\u00e8re \u00e9quine<\/a><\/li><\/ul>\n\t\t\t\t<\/div>\n\t\t\t\t\t\t<\/div>\n\t\t\t\t<\/div>\n\t\t\t\t\t<\/div>\n\t\t<\/div>\n\t\t\t\t<div class=\"elementor-column elementor-col-50 elementor-inner-column elementor-element elementor-element-69aad01\" data-id=\"69aad01\" data-element_type=\"column\" data-e-type=\"column\">\n\t\t\t<div class=\"elementor-widget-wrap elementor-element-populated\">\n\t\t\t\t\t\t<div class=\"elementor-element elementor-element-e34b2cc elementor-widget elementor-widget-heading\" data-id=\"e34b2cc\" data-element_type=\"widget\" data-e-type=\"widget\" data-widget_type=\"heading.default\">\n\t\t\t\t<div class=\"elementor-widget-container\">\n\t\t\t\t\t<h2 class=\"elementor-heading-title elementor-size-large\">Ma\u00eetre d'apprentissage \/ Ma\u00eetre de stage<\/h2>\t\t\t\t<\/div>\n\t\t\t\t<\/div>\n\t\t\t\t<div class=\"elementor-element elementor-element-d4cf0c3 elementor-widget elementor-widget-shortcode\" data-id=\"d4cf0c3\" data-element_type=\"widget\" data-e-type=\"widget\" data-widget_type=\"shortcode.default\">\n\t\t\t\t<div class=\"elementor-widget-container\">\n\t\t\t\t\t\t\t<div class=\"elementor-shortcode\"><ul class=\"dlm-downloads\"><li><a class=\"download-link\" title=\"Grille d'\u00e9valuation\" href=\"https:\/\/www.accueiletsecurite-msa.fr\/coursesgalop\/telechargement\/436\/?tmstv=1777501858\" rel=\"nofollow\" target=\"_blank\">\n\tGrille d'\u00e9valuation<\/a><\/li><li><a class=\"download-link\" title=\"Relation humain cheval\" href=\"https:\/\/www.accueiletsecurite-msa.fr\/coursesgalop\/telechargement\/434\/?tmstv=1777501858\" rel=\"nofollow\" target=\"_blank\">\n\tRelation humain cheval<\/a><\/li><\/ul>\n\t\t\t\t<\/div>\n\t\t\t\t\t\t<\/div>\n\t\t\t\t<\/div>\n\t\t\t\t<div class=\"elementor-element elementor-element-1a632cf elementor-widget elementor-widget-heading\" data-id=\"1a632cf\" data-element_type=\"widget\" data-e-type=\"widget\" data-widget_type=\"heading.default\">\n\t\t\t\t<div class=\"elementor-widget-container\">\n\t\t\t\t\t<h2 class=\"elementor-heading-title elementor-size-large\">Les \u00e9quipements de protection individuelle (EPI) <\/h2>\t\t\t\t<\/div>\n\t\t\t\t<\/div>\n\t\t\t\t<div class=\"elementor-element elementor-element-7da9fe4 elementor-widget elementor-widget-shortcode\" data-id=\"7da9fe4\" data-element_type=\"widget\" data-e-type=\"widget\" data-widget_type=\"shortcode.default\">\n\t\t\t\t<div class=\"elementor-widget-container\">\n\t\t\t\t\t\t\t<div class=\"elementor-shortcode\"><ul class=\"dlm-downloads\"><li><a class=\"download-link\" title=\"Les \u00e9quipements de protection individuelle\" href=\"https:\/\/www.accueiletsecurite-msa.fr\/coursesgalop\/telechargement\/562\/?tmstv=1777501858\" rel=\"nofollow\" target=\"_blank\">\n\tLes \u00e9quipements de protection individuelle<\/a><\/li><\/ul>\n\t\t\t\t<\/div>\n\t\t\t\t\t\t<\/div>\n\t\t\t\t<\/div>\n\t\t\t\t<div class=\"elementor-element elementor-element-e91aadf elementor-widget elementor-widget-heading\" data-id=\"e91aadf\" data-element_type=\"widget\" data-e-type=\"widget\" data-widget_type=\"heading.default\">\n\t\t\t\t<div class=\"elementor-widget-container\">\n\t\t\t\t\t<h2 class=\"elementor-heading-title elementor-size-large\">Divers <\/h2>\t\t\t\t<\/div>\n\t\t\t\t<\/div>\n\t\t\t\t<div class=\"elementor-element elementor-element-8c2bedf elementor-widget elementor-widget-shortcode\" data-id=\"8c2bedf\" data-element_type=\"widget\" data-e-type=\"widget\" data-widget_type=\"shortcode.default\">\n\t\t\t\t<div class=\"elementor-widget-container\">\n\t\t\t\t\t\t\t<div class=\"elementor-shortcode\"><ul class=\"dlm-downloads\"><li><a class=\"download-link\" title=\"Bien conna\u00eetre la nature des chevaux pour mieux s\u2019adapter\" href=\"https:\/\/www.accueiletsecurite-msa.fr\/coursesgalop\/telechargement\/736\/?tmstv=1777501858\" rel=\"nofollow\" target=\"_blank\">\n\tBien conna\u00eetre la nature des chevaux pour mieux s\u2019adapter<\/a><\/li><li><a class=\"download-link\" title=\"IFCE - \u00e9quip\u00e9dia\" href=\"https:\/\/www.accueiletsecurite-msa.fr\/coursesgalop\/telechargement\/734\/?tmstv=1777501858\" rel=\"nofollow\" target=\"_blank\">\n\tIFCE - \u00e9quip\u00e9dia<\/a><\/li><li><a class=\"download-link\" title=\"MSA - fili\u00e8re hippique\" href=\"https:\/\/www.accueiletsecurite-msa.fr\/coursesgalop\/telechargement\/732\/?tmstv=1777501858\" rel=\"nofollow\" target=\"_blank\">\n\tMSA - fili\u00e8re hippique<\/a><\/li><\/ul>\n\t\t\t\t<\/div>\n\t\t\t\t\t\t<\/div>\n\t\t\t\t<\/div>\n\t\t\t\t\t<\/div>\n\t\t<\/div>\n\t\t\t\t\t<\/div>\n\t\t<\/section>\n\t\t\t\t<section class=\"elementor-section elementor-inner-section elementor-element elementor-element-354d6a20 elementor-section-full_width elementor-section-height-default elementor-section-height-default\" data-id=\"354d6a20\" data-element_type=\"section\" data-e-type=\"section\">\n\t\t\t\t\t\t<div class=\"elementor-container elementor-column-gap-no\">\n\t\t\t\t\t<div class=\"elementor-column elementor-col-50 elementor-inner-column elementor-element elementor-element-c624372\" data-id=\"c624372\" data-element_type=\"column\" data-e-type=\"column\">\n\t\t\t<div class=\"elementor-widget-wrap\">\n\t\t\t\t\t\t\t<\/div>\n\t\t<\/div>\n\t\t\t\t<div class=\"elementor-column elementor-col-50 elementor-inner-column elementor-element elementor-element-133e1658\" data-id=\"133e1658\" data-element_type=\"column\" data-e-type=\"column\">\n\t\t\t<div class=\"elementor-widget-wrap\">\n\t\t\t\t\t\t\t<\/div>\n\t\t<\/div>\n\t\t\t\t\t<\/div>\n\t\t<\/section>\n\t\t\t\t\t<\/div>\n\t\t<\/div>\n\t\t\t\t\t<\/div>\n\t\t<\/section>\n\t\t\t\t<\/div>\n\t\t","protected":false},"excerpt":{"rendered":"<p>NOS RESSOURCES Pr\u00e9vention des Troubles musculo-squelettiques (TMS) \u00c9valuation des risques Ma\u00eetre d&rsquo;apprentissage \/ Ma\u00eetre de stage Les \u00e9quipements de protection individuelle (EPI) Divers<\/p>\n","protected":false},"author":1,"featured_media":0,"parent":0,"menu_order":0,"comment_status":"closed","ping_status":"closed","template":"","meta":{"_seopress_robots_primary_cat":"","_seopress_titles_title":"","_seopress_titles_desc":"","_seopress_robots_index":"","site-sidebar-layout":"no-sidebar","site-content-layout":"page-builder","ast-site-content-layout":"default","site-content-style":"default","site-sidebar-style":"default","ast-global-header-display":"","ast-banner-title-visibility":"","ast-main-header-display":"","ast-hfb-above-header-display":"","ast-hfb-below-header-display":"","ast-hfb-mobile-header-display":"","site-post-title":"disabled","ast-breadcrumbs-content":"","ast-featured-img":"disabled","footer-sml-layout":"","ast-disable-related-posts":"","theme-transparent-header-meta":"","adv-header-id-meta":"","stick-header-meta":"","header-above-stick-meta":"","header-main-stick-meta":"","header-below-stick-meta":"","astra-migrate-meta-layouts":"default","ast-page-background-enabled":"default","ast-page-background-meta":{"desktop":{"background-color":"var(--ast-global-color-4)","background-image":"","background-repeat":"repeat","background-position":"center center","background-size":"auto","background-attachment":"scroll","background-type":"","background-media":"","overlay-type":"","overlay-color":"","overlay-opacity":"","overlay-gradient":""},"tablet":{"background-color":"","background-image":"","background-repeat":"repeat","background-position":"center center","background-size":"auto","background-attachment":"scroll","background-type":"","background-media":"","overlay-type":"","overlay-color":"","overlay-opacity":"","overlay-gradient":""},"mobile":{"background-color":"","background-image":"","background-repeat":"repeat","background-position":"center center","background-size":"auto","background-attachment":"scroll","background-type":"","background-media":"","overlay-type":"","overlay-color":"","overlay-opacity":"","overlay-gradient":""}},"ast-content-background-meta":{"desktop":{"background-color":"var(--ast-global-color-5)","background-image":"","background-repeat":"repeat","background-position":"center center","background-size":"auto","background-attachment":"scroll","background-type":"","background-media":"","overlay-type":"","overlay-color":"","overlay-opacity":"","overlay-gradient":""},"tablet":{"background-color":"var(--ast-global-color-5)","background-image":"","background-repeat":"repeat","background-position":"center center","background-size":"auto","background-attachment":"scroll","background-type":"","background-media":"","overlay-type":"","overlay-color":"","overlay-opacity":"","overlay-gradient":""},"mobile":{"background-color":"var(--ast-global-color-5)","background-image":"","background-repeat":"repeat","background-position":"center center","background-size":"auto","background-attachment":"scroll","background-type":"","background-media":"","overlay-type":"","overlay-color":"","overlay-opacity":"","overlay-gradient":""}},"footnotes":""},"class_list":["post-156","page","type-page","status-publish","hentry"],"_links":{"self":[{"href":"https:\/\/www.accueiletsecurite-msa.fr\/coursesgalop\/wp-json\/wp\/v2\/pages\/156","targetHints":{"allow":["GET"]}}],"collection":[{"href":"https:\/\/www.accueiletsecurite-msa.fr\/coursesgalop\/wp-json\/wp\/v2\/pages"}],"about":[{"href":"https:\/\/www.accueiletsecurite-msa.fr\/coursesgalop\/wp-json\/wp\/v2\/types\/page"}],"author":[{"embeddable":true,"href":"https:\/\/www.accueiletsecurite-msa.fr\/coursesgalop\/wp-json\/wp\/v2\/users\/1"}],"replies":[{"embeddable":true,"href":"https:\/\/www.accueiletsecurite-msa.fr\/coursesgalop\/wp-json\/wp\/v2\/comments?post=156"}],"version-history":[{"count":3,"href":"https:\/\/www.accueiletsecurite-msa.fr\/coursesgalop\/wp-json\/wp\/v2\/pages\/156\/revisions"}],"predecessor-version":[{"id":749,"href":"https:\/\/www.accueiletsecurite-msa.fr\/coursesgalop\/wp-json\/wp\/v2\/pages\/156\/revisions\/749"}],"wp:attachment":[{"href":"https:\/\/www.accueiletsecurite-msa.fr\/coursesgalop\/wp-json\/wp\/v2\/media?parent=156"}],"curies":[{"name":"wp","href":"https:\/\/api.w.org\/{rel}","templated":true}]}}