{"id":101,"date":"2022-05-16T11:49:53","date_gmt":"2022-05-16T09:49:53","guid":{"rendered":"https:\/\/www.accueiletsecurite-msa.fr\/coursesgalop\/?page_id=101"},"modified":"2022-05-31T15:57:40","modified_gmt":"2022-05-31T13:57:40","slug":"espace-employeur","status":"publish","type":"page","link":"https:\/\/www.accueiletsecurite-msa.fr\/coursesgalop\/espace-employeur\/","title":{"rendered":"Espace employeur"},"content":{"rendered":"\t\t<div data-elementor-type=\"wp-page\" data-elementor-id=\"101\" class=\"elementor elementor-101\">\n\t\t\t\t\t\t<section class=\"elementor-section elementor-top-section elementor-element elementor-element-73fcbc00 elementor-section-boxed elementor-section-height-default elementor-section-height-default\" data-id=\"73fcbc00\" data-element_type=\"section\" data-e-type=\"section\">\n\t\t\t\t\t\t<div class=\"elementor-container elementor-column-gap-default\">\n\t\t\t\t\t<div class=\"elementor-column elementor-col-100 elementor-top-column elementor-element elementor-element-6be3e7f3\" data-id=\"6be3e7f3\" data-element_type=\"column\" data-e-type=\"column\">\n\t\t\t<div class=\"elementor-widget-wrap elementor-element-populated\">\n\t\t\t\t\t\t<div class=\"elementor-element elementor-element-257a975 elementor-widget elementor-widget-heading\" data-id=\"257a975\" data-element_type=\"widget\" data-e-type=\"widget\" data-widget_type=\"heading.default\">\n\t\t\t\t<div class=\"elementor-widget-container\">\n\t\t\t\t\t<h2 class=\"elementor-heading-title elementor-size-default\">Inviter mon employ\u00e9 \u00e0 passer <br>l'\u00e9valuation  de pr\u00e9vention et s\u00e9curit\u00e9<\/h2>\t\t\t\t<\/div>\n\t\t\t\t<\/div>\n\t\t\t\t<section class=\"elementor-section elementor-inner-section elementor-element elementor-element-4dda180 elementor-section-boxed elementor-section-height-default elementor-section-height-default\" data-id=\"4dda180\" data-element_type=\"section\" data-e-type=\"section\">\n\t\t\t\t\t\t<div class=\"elementor-container elementor-column-gap-default\">\n\t\t\t\t\t<div class=\"elementor-column elementor-col-100 elementor-inner-column elementor-element elementor-element-c514000\" data-id=\"c514000\" data-element_type=\"column\" data-e-type=\"column\" data-settings=\"{&quot;background_background&quot;:&quot;classic&quot;}\">\n\t\t\t<div class=\"elementor-widget-wrap elementor-element-populated\">\n\t\t\t\t\t\t<div class=\"elementor-element elementor-element-fa4c853 elementor-widget elementor-widget-heading\" data-id=\"fa4c853\" data-element_type=\"widget\" data-e-type=\"widget\" data-widget_type=\"heading.default\">\n\t\t\t\t<div class=\"elementor-widget-container\">\n\t\t\t\t\t<h3 class=\"elementor-heading-title elementor-size-default\">Vos informations :<\/h3>\t\t\t\t<\/div>\n\t\t\t\t<\/div>\n\t\t\t\t<div class=\"elementor-element elementor-element-1748fd6b elementor-widget elementor-widget-text-editor\" data-id=\"1748fd6b\" data-element_type=\"widget\" data-e-type=\"widget\" data-widget_type=\"text-editor.default\">\n\t\t\t\t<div class=\"elementor-widget-container\">\n\t\t\t\t\t\t\t\t\t\n<div class=\"wp-block-contact-form-7-contact-form-selector\">\n<div class=\"wpcf7 no-js\" id=\"wpcf7-f395-o1\" lang=\"fr-FR\" dir=\"ltr\" data-wpcf7-id=\"395\">\n<div class=\"screen-reader-response\"><p role=\"status\" aria-live=\"polite\" aria-atomic=\"true\"><\/p> <ul><\/ul><\/div>\n<form action=\"\/coursesgalop\/wp-json\/wp\/v2\/pages\/101#wpcf7-f395-o1\" method=\"post\" class=\"wpcf7-form init\" aria-label=\"Formulaire de contact\" novalidate=\"novalidate\" data-status=\"init\">\n<fieldset class=\"hidden-fields-container\"><input type=\"hidden\" name=\"_wpcf7\" value=\"395\" \/><input type=\"hidden\" name=\"_wpcf7_version\" value=\"6.1.5\" \/><input type=\"hidden\" name=\"_wpcf7_locale\" value=\"fr_FR\" \/><input type=\"hidden\" name=\"_wpcf7_unit_tag\" value=\"wpcf7-f395-o1\" \/><input type=\"hidden\" name=\"_wpcf7_container_post\" value=\"0\" \/><input type=\"hidden\" name=\"_wpcf7_posted_data_hash\" value=\"\" \/>\n<\/fieldset>\n<div class=\"form-row form-row-wide\"><label><span class=\"wpcf7-form-control-wrap\" data-name=\"data__entreprise\"><input size=\"40\" maxlength=\"400\" class=\"wpcf7-form-control wpcf7-text wpcf7-validates-as-required\" aria-required=\"true\" aria-invalid=\"false\" placeholder=\"Nom de la soci\u00e9t\u00e9 *\" value=\"\" type=\"text\" name=\"data__entreprise\" \/><\/span><\/label><\/div>\n<div class=\"form-row form-row-wide\"><label><span class=\"wpcf7-form-control-wrap\" data-name=\"data__siret\"><input size=\"40\" maxlength=\"400\" class=\"wpcf7-form-control wpcf7-text wpcf7-validates-as-required\" aria-required=\"true\" aria-invalid=\"false\" placeholder=\"SIRET *\" value=\"\" type=\"text\" name=\"data__siret\" \/><\/span><\/label><\/div>\n<div class=\"form-row form-row-wide\"><span class=\"wpcf7-form-control-wrap\" data-name=\"data__employeur_civilite\"><span class=\"wpcf7-form-control wpcf7-checkbox wpcf7-exclusive-checkbox\"><span class=\"wpcf7-list-item first\"><label><input type=\"checkbox\" name=\"data__employeur_civilite\" value=\"Madame\" \/><span class=\"wpcf7-list-item-label\">Madame<\/span><\/label><\/span><span class=\"wpcf7-list-item last\"><label><input type=\"checkbox\" name=\"data__employeur_civilite\" value=\"Monsieur\" \/><span class=\"wpcf7-list-item-label\">Monsieur<\/span><\/label><\/span><\/span><\/span><\/div>\n<div class=\"form-row form-row-grid\"><label><span class=\"wpcf7-form-control-wrap\" data-name=\"data__employeur_nom\"><input size=\"40\" maxlength=\"400\" class=\"wpcf7-form-control wpcf7-text wpcf7-validates-as-required\" aria-required=\"true\" aria-invalid=\"false\" placeholder=\"Nom de l&#039;employeur *\" value=\"\" type=\"text\" name=\"data__employeur_nom\" \/><\/span><\/label><label><span class=\"wpcf7-form-control-wrap\" data-name=\"data__employeur_prenom\"><input size=\"40\" maxlength=\"400\" class=\"wpcf7-form-control wpcf7-text wpcf7-validates-as-required\" aria-required=\"true\" aria-invalid=\"false\" placeholder=\"Pr\u00e9nom de l&#039;employeur\" value=\"\" type=\"text\" name=\"data__employeur_prenom\" \/><\/span><\/label><\/div>\n<div class=\"form-row form-row-grid\"><label><span class=\"wpcf7-form-control-wrap\" data-name=\"data__employeur_email\"><input size=\"40\" maxlength=\"400\" class=\"wpcf7-form-control wpcf7-email wpcf7-validates-as-required wpcf7-text wpcf7-validates-as-email\" aria-required=\"true\" aria-invalid=\"false\" placeholder=\"Adresse mail de l&#039;employeur *\" value=\"\" type=\"email\" name=\"data__employeur_email\" \/><\/span><\/label><\/div>\n<div class=\"form-row form-row-grid\"><label><span class=\"wpcf7-form-control-wrap\" data-name=\"data__employeur_region\"><input size=\"40\" maxlength=\"400\" class=\"wpcf7-form-control wpcf7-text wpcf7-validates-as-required\" aria-required=\"true\" aria-invalid=\"false\" placeholder=\"R\u00e9gion de la soci\u00e9t\u00e9 *\" value=\"\" type=\"text\" name=\"data__employeur_region\" \/><\/span><\/label><\/div>\n<div class=\"form-row form-row-wide\"><span class=\"wpcf7-form-control-wrap\" data-name=\"data__employe_civilite\"><span class=\"wpcf7-form-control wpcf7-checkbox wpcf7-exclusive-checkbox\"><span class=\"wpcf7-list-item first\"><label><input type=\"checkbox\" name=\"data__employe_civilite\" value=\"Madame\" \/><span class=\"wpcf7-list-item-label\">Madame<\/span><\/label><\/span><span class=\"wpcf7-list-item last\"><label><input type=\"checkbox\" name=\"data__employe_civilite\" value=\"Monsieur\" \/><span class=\"wpcf7-list-item-label\">Monsieur<\/span><\/label><\/span><\/span><\/span><\/div>\n<div class=\"form-row form-row-grid\"><label><span class=\"wpcf7-form-control-wrap\" data-name=\"data__employe_nom\"><input size=\"40\" maxlength=\"400\" class=\"wpcf7-form-control wpcf7-text wpcf7-validates-as-required\" aria-required=\"true\" aria-invalid=\"false\" placeholder=\"Nom de l&#039;employ\u00e9 *\" value=\"\" type=\"text\" name=\"data__employe_nom\" \/><\/span><\/label><label><span class=\"wpcf7-form-control-wrap\" data-name=\"data__employe_prenom\"><input size=\"40\" maxlength=\"400\" class=\"wpcf7-form-control wpcf7-text wpcf7-validates-as-required\" aria-required=\"true\" aria-invalid=\"false\" placeholder=\"Pr\u00e9nom de l&#039;employ\u00e9\" value=\"\" type=\"text\" name=\"data__employe_prenom\" \/><\/span><\/label><\/div>\n<div class=\"form-row form-row-grid\"><label><span class=\"wpcf7-form-control-wrap\" data-name=\"data__employe_email\"><input size=\"40\" maxlength=\"400\" class=\"wpcf7-form-control wpcf7-email wpcf7-validates-as-required wpcf7-text wpcf7-validates-as-email\" aria-required=\"true\" aria-invalid=\"false\" placeholder=\"Adresse mail de l&#039;employ\u00e9 *\" value=\"\" type=\"email\" name=\"data__employe_email\" \/><\/span><\/label><\/div>\n<div class=\"form-row form-row-wide\"><label>\u00c9valuation concern\u00e9e <span class=\"wpcf7-form-control-wrap eval\"><select class=\"wpcf7-form-control wpcf7-evaluation wpcf7-validates-as-required\" aria-required=\"true\" aria-invalid=\"false\" name=\"eval\"><option value=\"\">&#8212;<\/option><option value=\"154\">CAVALIER D\u2019ENTRA\u00ceNEMENT DES COURSES DE GALOP<\/option><\/select><\/span><\/label><\/div>\n<div class=\"cf7-cf-turnstile\" style=\"margin-top: 0px; margin-bottom: -15px;\"> <div id=\"cf-turnstile-cf7-4183419639\" class=\"cf-turnstile\" data-sitekey=\"0x4AAAAAAARTA_Lqxyta1rZs\" data-theme=\"light\" data-language=\"auto\" data-size=\"normal\" data-retry=\"auto\" data-retry-interval=\"1000\" data-refresh-expired=\"auto\" data-refresh-timeout=\"auto\" data-action=\"contact-form-7\" data-callback=\"turnstileCF7Callback\" data-appearance=\"always\"><\/div> <script>document.addEventListener(\"DOMContentLoaded\", function() { setTimeout(function(){ var e=document.getElementById(\"cf-turnstile-cf7-4183419639\"); if(e&&!e.innerHTML.trim()){turnstile.render(e, {sitekey:\"0x4AAAAAAARTA_Lqxyta1rZs\"});} }, 200); });<\/script> <br class=\"cf-turnstile-br cf-turnstile-br-cf7-4183419639\"> <style>#cf-turnstile-cf7-4183419639 { margin-left: -15px; }<\/style> <script>document.addEventListener(\"DOMContentLoaded\",function(){document.querySelectorAll('.wpcf7-form').forEach(function(e){e.addEventListener('submit',function(){if(document.getElementById('cf-turnstile-cf7-4183419639')){setTimeout(function(){turnstile.reset('#cf-turnstile-cf7-4183419639');},1000)}})})});<\/script> <\/div>\n<div class=\"\"><input class=\"wpcf7-form-control wpcf7-submit has-spinner\" type=\"submit\" value=\"Envoyer\" \/><\/div><div class=\"wpcf7-response-output\" aria-hidden=\"true\"><\/div>\n<\/form>\n<\/div>\n<\/div>\n\t\t\t\t\t\t\t\t<\/div>\n\t\t\t\t<\/div>\n\t\t\t\t\t<\/div>\n\t\t<\/div>\n\t\t\t\t\t<\/div>\n\t\t<\/section>\n\t\t\t\t\t<\/div>\n\t\t<\/div>\n\t\t\t\t\t<\/div>\n\t\t<\/section>\n\t\t\t\t<\/div>\n\t\t","protected":false},"excerpt":{"rendered":"<p>Inviter mon employ\u00e9 \u00e0 passer l&rsquo;\u00e9valuation de pr\u00e9vention et s\u00e9curit\u00e9 Vos informations :<\/p>\n","protected":false},"author":4,"featured_media":0,"parent":0,"menu_order":0,"comment_status":"closed","ping_status":"closed","template":"elementor_header_footer","meta":{"_seopress_robots_primary_cat":"","_seopress_titles_title":"","_seopress_titles_desc":"","_seopress_robots_index":"","site-sidebar-layout":"default","site-content-layout":"","ast-site-content-layout":"default","site-content-style":"default","site-sidebar-style":"default","ast-global-header-display":"","ast-banner-title-visibility":"","ast-main-header-display":"","ast-hfb-above-header-display":"","ast-hfb-below-header-display":"","ast-hfb-mobile-header-display":"","site-post-title":"","ast-breadcrumbs-content":"","ast-featured-img":"","footer-sml-layout":"","ast-disable-related-posts":"","theme-transparent-header-meta":"","adv-header-id-meta":"","stick-header-meta":"","header-above-stick-meta":"","header-main-stick-meta":"","header-below-stick-meta":"","astra-migrate-meta-layouts":"default","ast-page-background-enabled":"default","ast-page-background-meta":{"desktop":{"background-color":"var(--ast-global-color-4)","background-image":"","background-repeat":"repeat","background-position":"center center","background-size":"auto","background-attachment":"scroll","background-type":"","background-media":"","overlay-type":"","overlay-color":"","overlay-opacity":"","overlay-gradient":""},"tablet":{"background-color":"","background-image":"","background-repeat":"repeat","background-position":"center center","background-size":"auto","background-attachment":"scroll","background-type":"","background-media":"","overlay-type":"","overlay-color":"","overlay-opacity":"","overlay-gradient":""},"mobile":{"background-color":"","background-image":"","background-repeat":"repeat","background-position":"center center","background-size":"auto","background-attachment":"scroll","background-type":"","background-media":"","overlay-type":"","overlay-color":"","overlay-opacity":"","overlay-gradient":""}},"ast-content-background-meta":{"desktop":{"background-color":"var(--ast-global-color-5)","background-image":"","background-repeat":"repeat","background-position":"center center","background-size":"auto","background-attachment":"scroll","background-type":"","background-media":"","overlay-type":"","overlay-color":"","overlay-opacity":"","overlay-gradient":""},"tablet":{"background-color":"var(--ast-global-color-5)","background-image":"","background-repeat":"repeat","background-position":"center center","background-size":"auto","background-attachment":"scroll","background-type":"","background-media":"","overlay-type":"","overlay-color":"","overlay-opacity":"","overlay-gradient":""},"mobile":{"background-color":"var(--ast-global-color-5)","background-image":"","background-repeat":"repeat","background-position":"center center","background-size":"auto","background-attachment":"scroll","background-type":"","background-media":"","overlay-type":"","overlay-color":"","overlay-opacity":"","overlay-gradient":""}},"footnotes":""},"class_list":["post-101","page","type-page","status-publish","hentry"],"_links":{"self":[{"href":"https:\/\/www.accueiletsecurite-msa.fr\/coursesgalop\/wp-json\/wp\/v2\/pages\/101","targetHints":{"allow":["GET"]}}],"collection":[{"href":"https:\/\/www.accueiletsecurite-msa.fr\/coursesgalop\/wp-json\/wp\/v2\/pages"}],"about":[{"href":"https:\/\/www.accueiletsecurite-msa.fr\/coursesgalop\/wp-json\/wp\/v2\/types\/page"}],"author":[{"embeddable":true,"href":"https:\/\/www.accueiletsecurite-msa.fr\/coursesgalop\/wp-json\/wp\/v2\/users\/4"}],"replies":[{"embeddable":true,"href":"https:\/\/www.accueiletsecurite-msa.fr\/coursesgalop\/wp-json\/wp\/v2\/comments?post=101"}],"version-history":[{"count":3,"href":"https:\/\/www.accueiletsecurite-msa.fr\/coursesgalop\/wp-json\/wp\/v2\/pages\/101\/revisions"}],"predecessor-version":[{"id":404,"href":"https:\/\/www.accueiletsecurite-msa.fr\/coursesgalop\/wp-json\/wp\/v2\/pages\/101\/revisions\/404"}],"wp:attachment":[{"href":"https:\/\/www.accueiletsecurite-msa.fr\/coursesgalop\/wp-json\/wp\/v2\/media?parent=101"}],"curies":[{"name":"wp","href":"https:\/\/api.w.org\/{rel}","templated":true}]}}